{"id":568,"date":"2023-08-10T17:10:45","date_gmt":"2023-08-10T15:10:45","guid":{"rendered":"https:\/\/philanthropytalks.li\/?page_id=568"},"modified":"2023-11-20T15:54:56","modified_gmt":"2023-11-20T14:54:56","slug":"impressum","status":"publish","type":"page","link":"https:\/\/philanthropytalks.li\/en\/impressum\/","title":{"rendered":"Impressum"},"content":{"rendered":"<div id=\"c39\" class=\"csc-default\">\n<div class=\"csc-header csc-header-n2\">\n<p>&nbsp;<\/p>\n<p class=\"bodytext\"><strong>Publisher<\/strong><\/p>\n<p class=\"bodytext\"><span style=\"font-size: 16px;\">Center f\u00fcr Philanthropie<br \/>\n<\/span>Universit\u00e4t Liechtenstein<\/p>\n<p>F\u00fcrst-Franz-Josef-Strasse<br \/>\n9490 Vaduz<br \/>\nLiechtenstein<\/p>\n<\/div>\n<p class=\"bodytext\">phone <a href=\"tel:+4232651154\">+423 265 13 81<\/a><br \/>\n<a href=\"mailto:info@uni.li?subject=webanfrage\" data-linktype=\"email\" data-val=\"info@uni.li\" data-subject=\"webanfrage\">philanthropy(at)uni.li<\/a><\/p>\n<p class=\"bodytext\">www.philanthropytalks.li<\/p>\n<p>&nbsp;<\/p>\n<p class=\"bodytext\"><strong>Responsible<\/strong><\/p>\n<p class=\"bodytext\">Prof. Dr. Marc Gottschald, Direktor Center f\u00fcr Philanthropie<br \/>\nCenter f\u00fcr Philanthropie, F\u00fcrst-Franz-Josef-Strasse, 9490 Vaduz<\/p>\n<div>\n<p>&nbsp;<\/p>\n<p class=\"bodytext\"><strong>Editorial team<\/strong><\/p>\n<p class=\"bodytext\">Prof. Dr. Marc Gottschald, Dr. Christian Meyn, Anna Henrichsen, Michael Nenning<\/p>\n<\/div>\n<\/div>\n<p>&nbsp;<\/p>\n<p><strong>Concept and design<\/strong><\/p>\n<p>Simone Angerer Kommunikationsdesign<br \/>\n<a class=\"mail\" title=\"\u00d6ffnet ein Fenster zum Versenden einer E-Mail\">www.simoneangerer.de<\/a><\/p>\n<p>&nbsp;<\/p>\n<p><strong>Illustrations<\/strong><\/p>\n<p>bulma.illustrates<br \/>\nwww.bulmaillustrates.com<\/p>\n<p>&nbsp;<\/p>\n<p><strong>Programming<\/strong><\/p>\n<p><a class=\"mail\" title=\"\u00d6ffnet ein Fenster zum Versenden einer E-Mail\">jungepartner<br \/>\nwww.jungepartner.de<\/a><\/p>\n<p>&nbsp;<\/p>\n<h3 style=\"font-weight: 400;\"><strong>Disclaimer<\/strong><\/h3>\n<p><strong>Use rights<\/strong><\/p>\n<div>\n<p><span lang=\"DE-CH\">Copyright \u00a9 by<br \/>\nCenter f\u00fcr Philanthropie der Universit\u00e4t\u00a0Liechtenstein (<\/span><span lang=\"DE-CH\">philanthropytalks.li<\/span><span lang=\"DE-CH\">)<br \/>\nF\u00fcrst-Franz-Josef-Strasse<br \/>\nFL-9490 Vaduz<\/span><\/p>\n<\/div>\n<div>\n<p><span lang=\"DE-CH\">Alle Rechte vorbehalten.<\/span><\/p>\n<p>Die Urheberrechte dieser Web-Site liegen vollst\u00e4ndig beim Center f\u00fcr Philanthropie der Universit\u00e4t Liechtenstein.<\/p>\n<\/div>\n<div>\n<p><span lang=\"DE-CH\">philanthropytalks.li \u00fcbernimmt keinerlei Gew\u00e4hr oder Garantie f\u00fcr die Aktualit\u00e4t, Korrektheit oder Vollst\u00e4ndigkeit der zur <\/span><span lang=\"DE-CH\">Verf\u00fcgung gestellten Informationen und Daten. Dies gilt auch f\u00fcr alle anderen, direkt oder indirekt ausgewiesenen Websites, auf die mittels Hyperlink verwiesen wird. Philanthropytalks.li ist nicht verantwortlich f\u00fcr den Inhalt der externen Internetseiten.<\/span><\/p>\n<\/div>\n<div>\n<p><span lang=\"DE-CH\">Haftungsanspr\u00fcche gegen <\/span><span lang=\"DE-CH\">philanthropytalks.li<\/span><span lang=\"DE-CH\">, die sich auf Sch\u00e4den materieller oder ideeller Art beziehen, welche durch die Nutzung der dargebotenen Informationen verursacht wurden, sind ausgeschlossen. <\/span><span lang=\"DE-CH\">philanthropytalks.li<\/span><span lang=\"DE-CH\"> beh\u00e4lt es sich ausdr\u00fccklich vor, Teile der Seiten oder das gesamte Angebot ohne gesonderte Ank\u00fcndigung zu ver\u00e4ndern, zu erg\u00e4nzen oder zu l\u00f6schen.<\/span><\/p>\n<p>Daten, welche Sie uns zusenden, verwenden wir ausschliesslich zur Beantwortung Ihrer Anfragen und zur Erg\u00e4nzung oder Verbesserung unseres Internetangebots. Auch verlangen wir von Ihnen keine pers\u00f6nlichen Angaben, um einen Download zu t\u00e4tigen. Wir verpflichten uns dazu, Daten, welche an uns gelangen, nur dann an Dritte weiterzuleiten, wenn dies mit dem Datenschutzgesetz vereinbar ist.<\/p>\n<\/div>\n<div>\n<p><span lang=\"DE-CH\">Bildmotive d\u00fcrfen nur f\u00fcr redaktionelle Zwecke genutzt werden. Die Verwendung ist honorarfrei bei Quellenangabe und \u00dcbersendung von zwei kostenlosen Belegexemplaren an die\u00a0Universit\u00e4t Liechtenstein in Vaduz. Grafische Ver\u00e4nderungen sind nicht gestattet.<\/span><\/p>\n<\/div>\n<div>\n<p><span lang=\"DE-CH\">Es ist hiermit ausdr\u00fccklich gestattet &#8211; unter Massgabe untenstehender Einschr\u00e4nkungen &#8211; diese Web-Seiten sowie darin eingeh\u00e4ngte Dokumente zu kopieren, zu drucken und zu verteilen. Die hier zur Verf\u00fcgung gestellten Web-Seiten und Dokumente d\u00fcrfen nur zu Informationszwecken verwendet werden. Diese Seiten und Dokumente d\u00fcrfen nicht kommerziell verwertet werden.<\/span><\/p>\n<\/div>\n<div>\n<p><span lang=\"DE-CH\">Jede Kopie (dies gilt auch f\u00fcr Ausz\u00fcge) muss diesen Urheberrechtsnachweis enthalten.<\/span><\/p>\n<p>&nbsp;<\/p>\n<\/div>\n<div>\n<p><strong>Haftung<\/strong><\/p>\n<\/div>\n<div>\n<p><span lang=\"DE-CH\">Trotz sorgf\u00e4ltiger inhaltlicher Kontrolle \u00fcbernehmen wir keine Haftung f\u00fcr die Inhalte externer Links. F\u00fcr den Inhalt der verlinkten Seiten sind ausschliesslich deren Betreiber verantwortlich.<\/span><\/p>\n<p>Das Center f\u00fcr Philanthropie der Universit\u00e4t Liechtenstein ist bem\u00fcht, ihr Webangebot stets aktuell und inhaltlich richtig sowie vollst\u00e4ndig anzubieten. Dennoch ist das Auftreten von Fehlern nicht v\u00f6llig auszuschliessen. Das Center f\u00fcr Philanthropie der Universit\u00e4t Liechtenstein \u00fcbernimmt keine Haftung f\u00fcr die Aktualit\u00e4t, die inhaltliche Richtigkeit sowie f\u00fcr die Vollst\u00e4ndigkeit der in ihrem Webangebot eingestellten Informationen, es sei denn die Fehler wurden vors\u00e4tzlich oder grob fahrl\u00e4ssig aufgenommen. Dies bezieht sich auf eventuelle Sch\u00e4den materieller oder ideeller Art Dritter, die durch die Nutzung dieses Webangebotes verursacht wurden.<\/p>\n<\/div>\n","protected":false},"excerpt":{"rendered":"<p>&nbsp; Publisher Center f\u00fcr Philanthropie Universit\u00e4t Liechtenstein F\u00fcrst-Franz-Josef-Strasse 9490 Vaduz Liechtenstein phone +423 265 13 81 philanthropy(at)uni.li www.philanthropytalks.li &nbsp; Responsible Prof. Dr. Marc Gottschald, Direktor Center f\u00fcr Philanthropie Center f\u00fcr Philanthropie, F\u00fcrst-Franz-Josef-Strasse, 9490 Vaduz &nbsp; Editorial team Prof. Dr. Marc Gottschald, Dr. Christian Meyn, Anna Henrichsen, Michael Nenning &nbsp; Concept and design Simone Angerer Kommunikationsdesign [&hellip;]<\/p>\n","protected":false},"author":1,"featured_media":0,"parent":0,"menu_order":0,"comment_status":"closed","ping_status":"closed","template":"","meta":{"_acf_changed":false,"inline_featured_image":false,"footnotes":""},"class_list":["post-568","page","type-page","status-publish","hentry"],"acf":[],"yoast_head":"<!-- This site is optimized with the Yoast SEO plugin v27.4 - https:\/\/yoast.com\/product\/yoast-seo-wordpress\/ -->\n<title>Impressum - Philantrophy Talks<\/title>\n<meta name=\"description\" content=\"&nbsp; Publisher Center f\u00fcr Philanthropie Universit\u00e4t Liechtenstein F\u00fcrst-Franz-Josef-Strasse 9490 Vaduz Liechtenstein phone +423 265 13 81\" \/>\n<meta name=\"robots\" content=\"index, follow, max-snippet:-1, max-image-preview:large, max-video-preview:-1\" \/>\n<link rel=\"canonical\" href=\"https:\/\/philanthropytalks.li\/en\/impressum\/\" \/>\n<meta property=\"og:locale\" content=\"en_US\" \/>\n<meta property=\"og:type\" content=\"article\" \/>\n<meta property=\"og:title\" content=\"Impressum - Philantrophy Talks\" \/>\n<meta property=\"og:description\" content=\"&nbsp; Publisher Center f\u00fcr Philanthropie Universit\u00e4t Liechtenstein F\u00fcrst-Franz-Josef-Strasse 9490 Vaduz Liechtenstein phone +423 265 13 81\" \/>\n<meta property=\"og:url\" content=\"https:\/\/philanthropytalks.li\/en\/impressum\/\" \/>\n<meta property=\"og:site_name\" content=\"Philantrophy Talks\" \/>\n<meta property=\"article:publisher\" content=\"https:\/\/www.facebook.com\/uni.li\" \/>\n<meta property=\"article:modified_time\" content=\"2023-11-20T14:54:56+00:00\" \/>\n<meta name=\"twitter:card\" content=\"summary_large_image\" \/>\n<meta name=\"twitter:site\" content=\"@uni_li\" \/>\n<meta name=\"twitter:label1\" content=\"Est. reading time\" \/>\n\t<meta name=\"twitter:data1\" content=\"3 minutes\" \/>\n<script type=\"application\/ld+json\" class=\"yoast-schema-graph\">{\"@context\":\"https:\\\/\\\/schema.org\",\"@graph\":[{\"@type\":\"WebPage\",\"@id\":\"https:\\\/\\\/philanthropytalks.li\\\/en\\\/impressum\\\/\",\"url\":\"https:\\\/\\\/philanthropytalks.li\\\/en\\\/impressum\\\/\",\"name\":\"Impressum - Philantrophy Talks\",\"isPartOf\":{\"@id\":\"https:\\\/\\\/philanthropytalks.li\\\/en\\\/#website\"},\"datePublished\":\"2023-08-10T15:10:45+00:00\",\"dateModified\":\"2023-11-20T14:54:56+00:00\",\"description\":\"&nbsp; Publisher Center f\u00fcr Philanthropie Universit\u00e4t Liechtenstein F\u00fcrst-Franz-Josef-Strasse 9490 Vaduz Liechtenstein phone +423 265 13 81\",\"breadcrumb\":{\"@id\":\"https:\\\/\\\/philanthropytalks.li\\\/en\\\/impressum\\\/#breadcrumb\"},\"inLanguage\":\"en-US\",\"potentialAction\":[{\"@type\":\"ReadAction\",\"target\":[\"https:\\\/\\\/philanthropytalks.li\\\/en\\\/impressum\\\/\"]}]},{\"@type\":\"BreadcrumbList\",\"@id\":\"https:\\\/\\\/philanthropytalks.li\\\/en\\\/impressum\\\/#breadcrumb\",\"itemListElement\":[{\"@type\":\"ListItem\",\"position\":1,\"name\":\"Startseite\",\"item\":\"https:\\\/\\\/philanthropytalks.li\\\/en\\\/\"},{\"@type\":\"ListItem\",\"position\":2,\"name\":\"Impressum\"}]},{\"@type\":\"WebSite\",\"@id\":\"https:\\\/\\\/philanthropytalks.li\\\/en\\\/#website\",\"url\":\"https:\\\/\\\/philanthropytalks.li\\\/en\\\/\",\"name\":\"Philanthropy Talks\",\"description\":\"Liechtensetein\",\"publisher\":{\"@id\":\"https:\\\/\\\/philanthropytalks.li\\\/en\\\/#organization\"},\"potentialAction\":[{\"@type\":\"SearchAction\",\"target\":{\"@type\":\"EntryPoint\",\"urlTemplate\":\"https:\\\/\\\/philanthropytalks.li\\\/en\\\/?s={search_term_string}\"},\"query-input\":{\"@type\":\"PropertyValueSpecification\",\"valueRequired\":true,\"valueName\":\"search_term_string\"}}],\"inLanguage\":\"en-US\"},{\"@type\":\"Organization\",\"@id\":\"https:\\\/\\\/philanthropytalks.li\\\/en\\\/#organization\",\"name\":\"Philanthropy Talks\",\"url\":\"https:\\\/\\\/philanthropytalks.li\\\/en\\\/\",\"logo\":{\"@type\":\"ImageObject\",\"inLanguage\":\"en-US\",\"@id\":\"https:\\\/\\\/philanthropytalks.li\\\/en\\\/#\\\/schema\\\/logo\\\/image\\\/\",\"url\":\"https:\\\/\\\/philanthropytalks.li\\\/wp-content\\\/uploads\\\/2023\\\/08\\\/Logo-PhilanTalks.svg\",\"contentUrl\":\"https:\\\/\\\/philanthropytalks.li\\\/wp-content\\\/uploads\\\/2023\\\/08\\\/Logo-PhilanTalks.svg\",\"caption\":\"Philanthropy Talks\"},\"image\":{\"@id\":\"https:\\\/\\\/philanthropytalks.li\\\/en\\\/#\\\/schema\\\/logo\\\/image\\\/\"},\"sameAs\":[\"https:\\\/\\\/www.facebook.com\\\/uni.li\",\"https:\\\/\\\/x.com\\\/uni_li\",\"https:\\\/\\\/www.linkedin.com\\\/school\\\/universit-t-liechtenstein\\\/mycompany\\\/verification\\\/\",\"https:\\\/\\\/www.youtube.com\\\/user\\\/UniLiechtenstein\",\"https:\\\/\\\/www.instagram.com\\\/uni_li\\\/\",\"https:\\\/\\\/www.pinterest.com\\\/universitaet\\\/\"]}]}<\/script>\n<!-- \/ Yoast SEO plugin. -->","yoast_head_json":{"title":"Impressum - Philantrophy Talks","description":"&nbsp; Publisher Center f\u00fcr Philanthropie Universit\u00e4t Liechtenstein F\u00fcrst-Franz-Josef-Strasse 9490 Vaduz Liechtenstein phone +423 265 13 81","robots":{"index":"index","follow":"follow","max-snippet":"max-snippet:-1","max-image-preview":"max-image-preview:large","max-video-preview":"max-video-preview:-1"},"canonical":"https:\/\/philanthropytalks.li\/en\/impressum\/","og_locale":"en_US","og_type":"article","og_title":"Impressum - Philantrophy Talks","og_description":"&nbsp; Publisher Center f\u00fcr Philanthropie Universit\u00e4t Liechtenstein F\u00fcrst-Franz-Josef-Strasse 9490 Vaduz Liechtenstein phone +423 265 13 81","og_url":"https:\/\/philanthropytalks.li\/en\/impressum\/","og_site_name":"Philantrophy Talks","article_publisher":"https:\/\/www.facebook.com\/uni.li","article_modified_time":"2023-11-20T14:54:56+00:00","twitter_card":"summary_large_image","twitter_site":"@uni_li","twitter_misc":{"Est. reading time":"3 minutes"},"schema":{"@context":"https:\/\/schema.org","@graph":[{"@type":"WebPage","@id":"https:\/\/philanthropytalks.li\/en\/impressum\/","url":"https:\/\/philanthropytalks.li\/en\/impressum\/","name":"Impressum - Philantrophy Talks","isPartOf":{"@id":"https:\/\/philanthropytalks.li\/en\/#website"},"datePublished":"2023-08-10T15:10:45+00:00","dateModified":"2023-11-20T14:54:56+00:00","description":"&nbsp; Publisher Center f\u00fcr Philanthropie Universit\u00e4t Liechtenstein F\u00fcrst-Franz-Josef-Strasse 9490 Vaduz Liechtenstein phone +423 265 13 81","breadcrumb":{"@id":"https:\/\/philanthropytalks.li\/en\/impressum\/#breadcrumb"},"inLanguage":"en-US","potentialAction":[{"@type":"ReadAction","target":["https:\/\/philanthropytalks.li\/en\/impressum\/"]}]},{"@type":"BreadcrumbList","@id":"https:\/\/philanthropytalks.li\/en\/impressum\/#breadcrumb","itemListElement":[{"@type":"ListItem","position":1,"name":"Startseite","item":"https:\/\/philanthropytalks.li\/en\/"},{"@type":"ListItem","position":2,"name":"Impressum"}]},{"@type":"WebSite","@id":"https:\/\/philanthropytalks.li\/en\/#website","url":"https:\/\/philanthropytalks.li\/en\/","name":"Philanthropy Talks","description":"Liechtensetein","publisher":{"@id":"https:\/\/philanthropytalks.li\/en\/#organization"},"potentialAction":[{"@type":"SearchAction","target":{"@type":"EntryPoint","urlTemplate":"https:\/\/philanthropytalks.li\/en\/?s={search_term_string}"},"query-input":{"@type":"PropertyValueSpecification","valueRequired":true,"valueName":"search_term_string"}}],"inLanguage":"en-US"},{"@type":"Organization","@id":"https:\/\/philanthropytalks.li\/en\/#organization","name":"Philanthropy Talks","url":"https:\/\/philanthropytalks.li\/en\/","logo":{"@type":"ImageObject","inLanguage":"en-US","@id":"https:\/\/philanthropytalks.li\/en\/#\/schema\/logo\/image\/","url":"https:\/\/philanthropytalks.li\/wp-content\/uploads\/2023\/08\/Logo-PhilanTalks.svg","contentUrl":"https:\/\/philanthropytalks.li\/wp-content\/uploads\/2023\/08\/Logo-PhilanTalks.svg","caption":"Philanthropy Talks"},"image":{"@id":"https:\/\/philanthropytalks.li\/en\/#\/schema\/logo\/image\/"},"sameAs":["https:\/\/www.facebook.com\/uni.li","https:\/\/x.com\/uni_li","https:\/\/www.linkedin.com\/school\/universit-t-liechtenstein\/mycompany\/verification\/","https:\/\/www.youtube.com\/user\/UniLiechtenstein","https:\/\/www.instagram.com\/uni_li\/","https:\/\/www.pinterest.com\/universitaet\/"]}]}},"_links":{"self":[{"href":"https:\/\/philanthropytalks.li\/en\/wp-json\/wp\/v2\/pages\/568","targetHints":{"allow":["GET"]}}],"collection":[{"href":"https:\/\/philanthropytalks.li\/en\/wp-json\/wp\/v2\/pages"}],"about":[{"href":"https:\/\/philanthropytalks.li\/en\/wp-json\/wp\/v2\/types\/page"}],"author":[{"embeddable":true,"href":"https:\/\/philanthropytalks.li\/en\/wp-json\/wp\/v2\/users\/1"}],"replies":[{"embeddable":true,"href":"https:\/\/philanthropytalks.li\/en\/wp-json\/wp\/v2\/comments?post=568"}],"version-history":[{"count":5,"href":"https:\/\/philanthropytalks.li\/en\/wp-json\/wp\/v2\/pages\/568\/revisions"}],"predecessor-version":[{"id":1225,"href":"https:\/\/philanthropytalks.li\/en\/wp-json\/wp\/v2\/pages\/568\/revisions\/1225"}],"wp:attachment":[{"href":"https:\/\/philanthropytalks.li\/en\/wp-json\/wp\/v2\/media?parent=568"}],"curies":[{"name":"wp","href":"https:\/\/api.w.org\/{rel}","templated":true}]}}