{"id":37,"date":"2023-08-10T15:13:46","date_gmt":"2023-08-10T13:13:46","guid":{"rendered":"https:\/\/philanthropytalks.li\/startseite-en\/"},"modified":"2024-04-29T12:32:04","modified_gmt":"2024-04-29T10:32:04","slug":"startseite-en","status":"publish","type":"page","link":"https:\/\/philanthropytalks.li\/en\/","title":{"rendered":"Home"},"content":{"rendered":"\r\n<p>KnowledDies ist eine Beispiel-Seite. Sie unterscheidet sich von Beitr\u00e4gen, da sie stets an derselben Stelle bleibt und (bei den meisten Themes) in der Website-Navigation angezeigt wird. Die meisten starten mit einem Impressum, der Datenschutzerkl\u00e4rung oder einer \u201e\u00dcber uns\u201c-Seite, um sich potenziellen Besuchern der Website vorzustellen. Dort k\u00f6nnte zum Beispiel stehen:<\/p>\r\n\r\n\r\n\r\n<blockquote class=\"wp-block-quote is-layout-flow wp-block-quote-is-layout-flow\">\r\n<p>Hallo! Tags\u00fcber arbeite ich als Fahrradkurier, nachts bin ich ein aufstrebender Schauspieler und dies hier ist meine Website. Ich lebe in Berlin, habe einen gro\u00dfen Hund namens Jack, mag Pi\u00f1a Coladas, jedoch weniger (ohne Schirm) im Regen stehen gelassen zu werden.<\/p>\r\n<\/blockquote>\r\n\r\n\r\n\r\n<p>&#8230; oder so etwas wie:<\/p>\r\n\r\n\r\n\r\n<blockquote class=\"wp-block-quote is-layout-flow wp-block-quote-is-layout-flow\">\r\n<p>Das Unternehmen XYZ wurde 1971 gegr\u00fcndet und versorgt die \u00d6ffentlichkeit seither mit qualitativ hochwertigen Produkten. An seinem Standort in einer kleinen Gro\u00dfstadt besch\u00e4ftigt der Betrieb \u00fcber 2.000 Menschen und unterst\u00fctzt die Stadtbewohner in vielfacher Hinsicht.<\/p>\r\n<\/blockquote>\r\n\r\n\r\n\r\n<p>Als neuer WordPress-Benutzer solltest du <a href=\"https:\/\/philanthropytalks.li\/wp-admin\/\">dein Dashboard<\/a> aufrufen, um diese Seite zu l\u00f6schen und neue Seiten und Beitr\u00e4ge f\u00fcr deine Website erstellen. Viel Spa\u00df!<\/p>\r\n","protected":false},"excerpt":{"rendered":"<p>KnowledDies ist eine Beispiel-Seite. Sie unterscheidet sich von Beitr\u00e4gen, da sie stets an derselben Stelle bleibt und (bei den meisten Themes) in der Website-Navigation angezeigt wird. Die meisten starten mit einem Impressum, der Datenschutzerkl\u00e4rung oder einer \u201e\u00dcber uns\u201c-Seite, um sich potenziellen Besuchern der Website vorzustellen. Dort k\u00f6nnte zum Beispiel stehen: Hallo! Tags\u00fcber arbeite ich als [&hellip;]<\/p>\n","protected":false},"author":1,"featured_media":0,"parent":0,"menu_order":0,"comment_status":"closed","ping_status":"closed","template":"startseite.php","meta":{"_acf_changed":false,"inline_featured_image":false,"footnotes":""},"class_list":["post-37","page","type-page","status-publish","hentry"],"acf":[],"yoast_head":"<!-- This site is optimized with the Yoast SEO plugin v27.3 - https:\/\/yoast.com\/product\/yoast-seo-wordpress\/ -->\n<title>Home - Philantrophy Talks<\/title>\n<meta name=\"description\" content=\"KnowledDies ist eine Beispiel-Seite. Sie unterscheidet sich von Beitr\u00e4gen, da sie stets an derselben Stelle bleibt und (bei den meisten Themes) in der\" \/>\n<meta name=\"robots\" content=\"index, follow, max-snippet:-1, max-image-preview:large, max-video-preview:-1\" \/>\n<link rel=\"canonical\" href=\"https:\/\/philanthropytalks.li\/en\/\" \/>\n<meta property=\"og:locale\" content=\"en_US\" \/>\n<meta property=\"og:type\" content=\"article\" \/>\n<meta property=\"og:title\" content=\"Home - Philantrophy Talks\" \/>\n<meta property=\"og:description\" content=\"KnowledDies ist eine Beispiel-Seite. Sie unterscheidet sich von Beitr\u00e4gen, da sie stets an derselben Stelle bleibt und (bei den meisten Themes) in der\" \/>\n<meta property=\"og:url\" content=\"https:\/\/philanthropytalks.li\/en\/\" \/>\n<meta property=\"og:site_name\" content=\"Philantrophy Talks\" \/>\n<meta property=\"article:publisher\" content=\"https:\/\/www.facebook.com\/uni.li\" \/>\n<meta property=\"article:modified_time\" content=\"2024-04-29T10:32:04+00:00\" \/>\n<meta name=\"twitter:card\" content=\"summary_large_image\" \/>\n<meta name=\"twitter:site\" content=\"@uni_li\" \/>\n<meta name=\"twitter:label1\" content=\"Est. reading time\" \/>\n\t<meta name=\"twitter:data1\" content=\"1 minute\" \/>\n<script type=\"application\/ld+json\" class=\"yoast-schema-graph\">{\"@context\":\"https:\\\/\\\/schema.org\",\"@graph\":[{\"@type\":\"WebPage\",\"@id\":\"https:\\\/\\\/philanthropytalks.li\\\/en\\\/\",\"url\":\"https:\\\/\\\/philanthropytalks.li\\\/en\\\/\",\"name\":\"Home - Philantrophy Talks\",\"isPartOf\":{\"@id\":\"https:\\\/\\\/philanthropytalks.li\\\/en\\\/#website\"},\"datePublished\":\"2023-08-10T13:13:46+00:00\",\"dateModified\":\"2024-04-29T10:32:04+00:00\",\"description\":\"KnowledDies ist eine Beispiel-Seite. Sie unterscheidet sich von Beitr\u00e4gen, da sie stets an derselben Stelle bleibt und (bei den meisten Themes) in der\",\"breadcrumb\":{\"@id\":\"https:\\\/\\\/philanthropytalks.li\\\/en\\\/#breadcrumb\"},\"inLanguage\":\"en-US\",\"potentialAction\":[{\"@type\":\"ReadAction\",\"target\":[\"https:\\\/\\\/philanthropytalks.li\\\/en\\\/\"]}]},{\"@type\":\"BreadcrumbList\",\"@id\":\"https:\\\/\\\/philanthropytalks.li\\\/en\\\/#breadcrumb\",\"itemListElement\":[{\"@type\":\"ListItem\",\"position\":1,\"name\":\"Startseite\",\"item\":\"https:\\\/\\\/philanthropytalks.li\\\/en\\\/\"},{\"@type\":\"ListItem\",\"position\":2,\"name\":\"Home\"}]},{\"@type\":\"WebSite\",\"@id\":\"https:\\\/\\\/philanthropytalks.li\\\/en\\\/#website\",\"url\":\"https:\\\/\\\/philanthropytalks.li\\\/en\\\/\",\"name\":\"Philanthropy Talks\",\"description\":\"Liechtensetein\",\"publisher\":{\"@id\":\"https:\\\/\\\/philanthropytalks.li\\\/en\\\/#organization\"},\"potentialAction\":[{\"@type\":\"SearchAction\",\"target\":{\"@type\":\"EntryPoint\",\"urlTemplate\":\"https:\\\/\\\/philanthropytalks.li\\\/en\\\/?s={search_term_string}\"},\"query-input\":{\"@type\":\"PropertyValueSpecification\",\"valueRequired\":true,\"valueName\":\"search_term_string\"}}],\"inLanguage\":\"en-US\"},{\"@type\":\"Organization\",\"@id\":\"https:\\\/\\\/philanthropytalks.li\\\/en\\\/#organization\",\"name\":\"Philanthropy Talks\",\"url\":\"https:\\\/\\\/philanthropytalks.li\\\/en\\\/\",\"logo\":{\"@type\":\"ImageObject\",\"inLanguage\":\"en-US\",\"@id\":\"https:\\\/\\\/philanthropytalks.li\\\/en\\\/#\\\/schema\\\/logo\\\/image\\\/\",\"url\":\"https:\\\/\\\/philanthropytalks.li\\\/wp-content\\\/uploads\\\/2023\\\/08\\\/Logo-PhilanTalks.svg\",\"contentUrl\":\"https:\\\/\\\/philanthropytalks.li\\\/wp-content\\\/uploads\\\/2023\\\/08\\\/Logo-PhilanTalks.svg\",\"caption\":\"Philanthropy Talks\"},\"image\":{\"@id\":\"https:\\\/\\\/philanthropytalks.li\\\/en\\\/#\\\/schema\\\/logo\\\/image\\\/\"},\"sameAs\":[\"https:\\\/\\\/www.facebook.com\\\/uni.li\",\"https:\\\/\\\/x.com\\\/uni_li\",\"https:\\\/\\\/www.linkedin.com\\\/school\\\/universit-t-liechtenstein\\\/mycompany\\\/verification\\\/\",\"https:\\\/\\\/www.youtube.com\\\/user\\\/UniLiechtenstein\",\"https:\\\/\\\/www.instagram.com\\\/uni_li\\\/\",\"https:\\\/\\\/www.pinterest.com\\\/universitaet\\\/\"]}]}<\/script>\n<!-- \/ Yoast SEO plugin. -->","yoast_head_json":{"title":"Home - Philantrophy Talks","description":"KnowledDies ist eine Beispiel-Seite. Sie unterscheidet sich von Beitr\u00e4gen, da sie stets an derselben Stelle bleibt und (bei den meisten Themes) in der","robots":{"index":"index","follow":"follow","max-snippet":"max-snippet:-1","max-image-preview":"max-image-preview:large","max-video-preview":"max-video-preview:-1"},"canonical":"https:\/\/philanthropytalks.li\/en\/","og_locale":"en_US","og_type":"article","og_title":"Home - Philantrophy Talks","og_description":"KnowledDies ist eine Beispiel-Seite. Sie unterscheidet sich von Beitr\u00e4gen, da sie stets an derselben Stelle bleibt und (bei den meisten Themes) in der","og_url":"https:\/\/philanthropytalks.li\/en\/","og_site_name":"Philantrophy Talks","article_publisher":"https:\/\/www.facebook.com\/uni.li","article_modified_time":"2024-04-29T10:32:04+00:00","twitter_card":"summary_large_image","twitter_site":"@uni_li","twitter_misc":{"Est. reading time":"1 minute"},"schema":{"@context":"https:\/\/schema.org","@graph":[{"@type":"WebPage","@id":"https:\/\/philanthropytalks.li\/en\/","url":"https:\/\/philanthropytalks.li\/en\/","name":"Home - Philantrophy Talks","isPartOf":{"@id":"https:\/\/philanthropytalks.li\/en\/#website"},"datePublished":"2023-08-10T13:13:46+00:00","dateModified":"2024-04-29T10:32:04+00:00","description":"KnowledDies ist eine Beispiel-Seite. Sie unterscheidet sich von Beitr\u00e4gen, da sie stets an derselben Stelle bleibt und (bei den meisten Themes) in der","breadcrumb":{"@id":"https:\/\/philanthropytalks.li\/en\/#breadcrumb"},"inLanguage":"en-US","potentialAction":[{"@type":"ReadAction","target":["https:\/\/philanthropytalks.li\/en\/"]}]},{"@type":"BreadcrumbList","@id":"https:\/\/philanthropytalks.li\/en\/#breadcrumb","itemListElement":[{"@type":"ListItem","position":1,"name":"Startseite","item":"https:\/\/philanthropytalks.li\/en\/"},{"@type":"ListItem","position":2,"name":"Home"}]},{"@type":"WebSite","@id":"https:\/\/philanthropytalks.li\/en\/#website","url":"https:\/\/philanthropytalks.li\/en\/","name":"Philanthropy Talks","description":"Liechtensetein","publisher":{"@id":"https:\/\/philanthropytalks.li\/en\/#organization"},"potentialAction":[{"@type":"SearchAction","target":{"@type":"EntryPoint","urlTemplate":"https:\/\/philanthropytalks.li\/en\/?s={search_term_string}"},"query-input":{"@type":"PropertyValueSpecification","valueRequired":true,"valueName":"search_term_string"}}],"inLanguage":"en-US"},{"@type":"Organization","@id":"https:\/\/philanthropytalks.li\/en\/#organization","name":"Philanthropy Talks","url":"https:\/\/philanthropytalks.li\/en\/","logo":{"@type":"ImageObject","inLanguage":"en-US","@id":"https:\/\/philanthropytalks.li\/en\/#\/schema\/logo\/image\/","url":"https:\/\/philanthropytalks.li\/wp-content\/uploads\/2023\/08\/Logo-PhilanTalks.svg","contentUrl":"https:\/\/philanthropytalks.li\/wp-content\/uploads\/2023\/08\/Logo-PhilanTalks.svg","caption":"Philanthropy Talks"},"image":{"@id":"https:\/\/philanthropytalks.li\/en\/#\/schema\/logo\/image\/"},"sameAs":["https:\/\/www.facebook.com\/uni.li","https:\/\/x.com\/uni_li","https:\/\/www.linkedin.com\/school\/universit-t-liechtenstein\/mycompany\/verification\/","https:\/\/www.youtube.com\/user\/UniLiechtenstein","https:\/\/www.instagram.com\/uni_li\/","https:\/\/www.pinterest.com\/universitaet\/"]}]}},"_links":{"self":[{"href":"https:\/\/philanthropytalks.li\/en\/wp-json\/wp\/v2\/pages\/37","targetHints":{"allow":["GET"]}}],"collection":[{"href":"https:\/\/philanthropytalks.li\/en\/wp-json\/wp\/v2\/pages"}],"about":[{"href":"https:\/\/philanthropytalks.li\/en\/wp-json\/wp\/v2\/types\/page"}],"author":[{"embeddable":true,"href":"https:\/\/philanthropytalks.li\/en\/wp-json\/wp\/v2\/users\/1"}],"replies":[{"embeddable":true,"href":"https:\/\/philanthropytalks.li\/en\/wp-json\/wp\/v2\/comments?post=37"}],"version-history":[{"count":55,"href":"https:\/\/philanthropytalks.li\/en\/wp-json\/wp\/v2\/pages\/37\/revisions"}],"predecessor-version":[{"id":1635,"href":"https:\/\/philanthropytalks.li\/en\/wp-json\/wp\/v2\/pages\/37\/revisions\/1635"}],"wp:attachment":[{"href":"https:\/\/philanthropytalks.li\/en\/wp-json\/wp\/v2\/media?parent=37"}],"curies":[{"name":"wp","href":"https:\/\/api.w.org\/{rel}","templated":true}]}}